{"id":285,"date":"2025-11-22T09:42:34","date_gmt":"2025-11-22T09:42:34","guid":{"rendered":"https:\/\/catalyseur-fap-maroc.com\/?post_type=product&#038;p=285"},"modified":"2025-11-22T09:47:55","modified_gmt":"2025-11-22T09:47:55","slug":"mabeta-capteur-doxygene-dazote","status":"publish","type":"product","link":"https:\/\/catalyseur-fap-maroc.com\/ar\/product\/mabeta-capteur-doxygene-dazote\/","title":{"rendered":"MABETA Capteur d&rsquo;oxyg\u00e8ne d&rsquo;azote"},"content":{"rendered":"<p>MABETA Capteur d&rsquo;oxyg\u00e8ne d&rsquo;azote Capteur d&rsquo;oxyg\u00e8ne et d&rsquo;azote 9678570780, capteur Nox de remplacement pour citro\u00ebn auto capteur<br \/>\n1. Mod\u00e8le applicable : le capteur Nox remplace la Citro\u00ebn C3 C4 DS3 DS4 DS5, remplace la Peuget 208 308 2008 5008 ; veuillez confirmer si votre mod\u00e8le est applicable d&rsquo;acheter. 2. Num\u00e9ro OE : les num\u00e9ros de pi\u00e8ce pour r\u00e9f\u00e9rence sont 821120980, 9678570780,5WK9 6746A, 5WK96746A, veuillez confirmer s&rsquo;il est conforme \u00e0 l&rsquo;OE dont vous avez besoin. 3. Fonction : le capteur d&rsquo;oxyg\u00e8ne \u00e0 l&rsquo;azote est principalement utilis\u00e9<\/p>","protected":false},"excerpt":{"rendered":"<p>Capteurs d\u2019oxydes d\u2019azote compatibles Euro 5 \/ Euro 6<br \/>\n. Mod\u00e8le applicable : le capteur Nox remplace la Citro\u00ebn C3 C4 DS3 DS4 DS5, remplace la Peuget 208 308 2008 5008 ; veuillez confirmer si votre mod\u00e8le est applicable d&rsquo;acheter. 2. Num\u00e9ro OE : les num\u00e9ros de pi\u00e8ce pour r\u00e9f\u00e9rence sont 821120980, 9678570780,5WK9 6746A, 5WK96746A, veuillez confirmer s&rsquo;il est conforme \u00e0 l&rsquo;OE dont vous avez besoin. 3. Fonction : le capteur d&rsquo;oxyg\u00e8ne \u00e0 l&rsquo;azote est principalement utilis\u00e9 <\/p>","protected":false},"featured_media":294,"template":"","meta":{"site-sidebar-layout":"default","site-content-layout":"","ast-site-content-layout":"default","site-content-style":"default","site-sidebar-style":"default","ast-global-header-display":"","ast-banner-title-visibility":"","ast-main-header-display":"","ast-hfb-above-header-display":"","ast-hfb-below-header-display":"","ast-hfb-mobile-header-display":"","site-post-title":"","ast-breadcrumbs-content":"","ast-featured-img":"","footer-sml-layout":"","theme-transparent-header-meta":"default","adv-header-id-meta":"","stick-header-meta":"","header-above-stick-meta":"","header-main-stick-meta":"","header-below-stick-meta":"","astra-migrate-meta-layouts":"set","ast-page-background-enabled":"default","ast-page-background-meta":{"desktop":{"background-color":"var(--ast-global-color-5)","background-image":"","background-repeat":"repeat","background-position":"center center","background-size":"auto","background-attachment":"scroll","background-type":"","background-media":"","overlay-type":"","overlay-color":"","overlay-opacity":"","overlay-gradient":""},"tablet":{"background-color":"","background-image":"","background-repeat":"repeat","background-position":"center center","background-size":"auto","background-attachment":"scroll","background-type":"","background-media":"","overlay-type":"","overlay-color":"","overlay-opacity":"","overlay-gradient":""},"mobile":{"background-color":"","background-image":"","background-repeat":"repeat","background-position":"center center","background-size":"auto","background-attachment":"scroll","background-type":"","background-media":"","overlay-type":"","overlay-color":"","overlay-opacity":"","overlay-gradient":""}},"ast-content-background-meta":{"desktop":{"background-color":"var(--ast-global-color-4)","background-image":"","background-repeat":"repeat","background-position":"center center","background-size":"auto","background-attachment":"scroll","background-type":"","background-media":"","overlay-type":"","overlay-color":"","overlay-opacity":"","overlay-gradient":""},"tablet":{"background-color":"var(--ast-global-color-4)","background-image":"","background-repeat":"repeat","background-position":"center center","background-size":"auto","background-attachment":"scroll","background-type":"","background-media":"","overlay-type":"","overlay-color":"","overlay-opacity":"","overlay-gradient":""},"mobile":{"background-color":"var(--ast-global-color-4)","background-image":"","background-repeat":"repeat","background-position":"center center","background-size":"auto","background-attachment":"scroll","background-type":"","background-media":"","overlay-type":"","overlay-color":"","overlay-opacity":"","overlay-gradient":""}}},"product_brand":[],"product_cat":[35,30],"product_tag":[40],"class_list":{"0":"post-285","1":"product","2":"type-product","3":"status-publish","4":"has-post-thumbnail","6":"product_cat-pieces-reconditionnees","7":"product_cat-systemes-adblue","8":"product_tag-capteurs-doxydes-dazote-compatibles-euro-5-euro-6","9":"desktop-align-center","10":"tablet-align-left","11":"mobile-align-left","13":"first","14":"instock","15":"shipping-taxable","16":"product-type-simple"},"yoast_head":"<!-- This site is optimized with the Yoast SEO plugin v26.4 - https:\/\/yoast.com\/wordpress\/plugins\/seo\/ -->\n<title>MABETA Capteur d&#039;oxyg\u00e8ne d&#039;azote - garages catalyseur<\/title>\n<meta name=\"description\" content=\"Capteurs d\u2019oxydes d\u2019azote compatibles Euro 5 \/ Euro 6\" \/>\n<meta name=\"robots\" content=\"index, follow, max-snippet:-1, max-image-preview:large, max-video-preview:-1\" \/>\n<link rel=\"canonical\" href=\"https:\/\/catalyseur-fap-maroc.com\/ar\/product\/mabeta-capteur-doxygene-dazote\/\" \/>\n<meta property=\"og:locale\" content=\"ar_AR\" \/>\n<meta property=\"og:type\" content=\"article\" \/>\n<meta property=\"og:title\" content=\"MABETA Capteur d&#039;oxyg\u00e8ne d&#039;azote - garages catalyseur\" \/>\n<meta property=\"og:description\" content=\"Capteurs d\u2019oxydes d\u2019azote compatibles Euro 5 \/ Euro 6\" \/>\n<meta property=\"og:url\" content=\"https:\/\/catalyseur-fap-maroc.com\/ar\/product\/mabeta-capteur-doxygene-dazote\/\" \/>\n<meta property=\"og:site_name\" content=\"garages catalyseur\" \/>\n<meta property=\"article:modified_time\" content=\"2025-11-22T09:47:55+00:00\" \/>\n<meta property=\"og:image\" content=\"https:\/\/catalyseur-fap-maroc.com\/wp-content\/uploads\/2025\/11\/omabeta-capteur-d-oxygene-d-azote-capteur-d-oxygen-3.webp\" \/>\n\t<meta property=\"og:image:width\" content=\"700\" \/>\n\t<meta property=\"og:image:height\" content=\"700\" \/>\n\t<meta property=\"og:image:type\" content=\"image\/webp\" \/>\n<meta name=\"twitter:card\" content=\"summary_large_image\" \/>\n<meta name=\"twitter:label1\" content=\"Est. reading time\" \/>\n\t<meta name=\"twitter:data1\" content=\"1 minute\" \/>\n<script type=\"application\/ld+json\" class=\"yoast-schema-graph\">{\"@context\":\"https:\/\/schema.org\",\"@graph\":[{\"@type\":\"WebPage\",\"@id\":\"https:\/\/catalyseur-fap-maroc.com\/produit\/mabeta-capteur-doxygene-dazote\/\",\"url\":\"https:\/\/catalyseur-fap-maroc.com\/produit\/mabeta-capteur-doxygene-dazote\/\",\"name\":\"MABETA Capteur d'oxyg\u00e8ne d'azote - garages catalyseur\",\"isPartOf\":{\"@id\":\"https:\/\/catalyseur-fap-maroc.com\/#website\"},\"primaryImageOfPage\":{\"@id\":\"https:\/\/catalyseur-fap-maroc.com\/produit\/mabeta-capteur-doxygene-dazote\/#primaryimage\"},\"image\":{\"@id\":\"https:\/\/catalyseur-fap-maroc.com\/produit\/mabeta-capteur-doxygene-dazote\/#primaryimage\"},\"thumbnailUrl\":\"https:\/\/catalyseur-fap-maroc.com\/wp-content\/uploads\/2025\/11\/omabeta-capteur-d-oxygene-d-azote-capteur-d-oxygen-3.webp\",\"datePublished\":\"2025-11-22T09:42:34+00:00\",\"dateModified\":\"2025-11-22T09:47:55+00:00\",\"description\":\"Capteurs d\u2019oxydes d\u2019azote compatibles Euro 5 \/ Euro 6\",\"breadcrumb\":{\"@id\":\"https:\/\/catalyseur-fap-maroc.com\/produit\/mabeta-capteur-doxygene-dazote\/#breadcrumb\"},\"inLanguage\":\"ary\",\"potentialAction\":[{\"@type\":\"ReadAction\",\"target\":[\"https:\/\/catalyseur-fap-maroc.com\/produit\/mabeta-capteur-doxygene-dazote\/\"]}]},{\"@type\":\"ImageObject\",\"inLanguage\":\"ary\",\"@id\":\"https:\/\/catalyseur-fap-maroc.com\/produit\/mabeta-capteur-doxygene-dazote\/#primaryimage\",\"url\":\"https:\/\/catalyseur-fap-maroc.com\/wp-content\/uploads\/2025\/11\/omabeta-capteur-d-oxygene-d-azote-capteur-d-oxygen-3.webp\",\"contentUrl\":\"https:\/\/catalyseur-fap-maroc.com\/wp-content\/uploads\/2025\/11\/omabeta-capteur-d-oxygene-d-azote-capteur-d-oxygen-3.webp\",\"width\":700,\"height\":700},{\"@type\":\"BreadcrumbList\",\"@id\":\"https:\/\/catalyseur-fap-maroc.com\/produit\/mabeta-capteur-doxygene-dazote\/#breadcrumb\",\"itemListElement\":[{\"@type\":\"ListItem\",\"position\":1,\"name\":\"Accueil\",\"item\":\"https:\/\/catalyseur-fap-maroc.com\/\"},{\"@type\":\"ListItem\",\"position\":2,\"name\":\"Boutique\",\"item\":\"https:\/\/catalyseur-fap-maroc.com\/boutique\/\"},{\"@type\":\"ListItem\",\"position\":3,\"name\":\"MABETA Capteur d&rsquo;oxyg\u00e8ne d&rsquo;azote\"}]},{\"@type\":\"WebSite\",\"@id\":\"https:\/\/catalyseur-fap-maroc.com\/#website\",\"url\":\"https:\/\/catalyseur-fap-maroc.com\/\",\"name\":\"garages catalyseur\",\"description\":\"\",\"publisher\":{\"@id\":\"https:\/\/catalyseur-fap-maroc.com\/#organization\"},\"potentialAction\":[{\"@type\":\"SearchAction\",\"target\":{\"@type\":\"EntryPoint\",\"urlTemplate\":\"https:\/\/catalyseur-fap-maroc.com\/?s={search_term_string}\"},\"query-input\":{\"@type\":\"PropertyValueSpecification\",\"valueRequired\":true,\"valueName\":\"search_term_string\"}}],\"inLanguage\":\"ary\"},{\"@type\":\"Organization\",\"@id\":\"https:\/\/catalyseur-fap-maroc.com\/#organization\",\"name\":\"garages catalyseur\",\"url\":\"https:\/\/catalyseur-fap-maroc.com\/\",\"logo\":{\"@type\":\"ImageObject\",\"inLanguage\":\"ary\",\"@id\":\"https:\/\/catalyseur-fap-maroc.com\/#\/schema\/logo\/image\/\",\"url\":\"https:\/\/catalyseur-fap-maroc.com\/wp-content\/uploads\/2025\/11\/cropped-499881295_18311707288230175_7766502969859483890_n.jpg\",\"contentUrl\":\"https:\/\/catalyseur-fap-maroc.com\/wp-content\/uploads\/2025\/11\/cropped-499881295_18311707288230175_7766502969859483890_n.jpg\",\"width\":112,\"height\":50,\"caption\":\"garages catalyseur\"},\"image\":{\"@id\":\"https:\/\/catalyseur-fap-maroc.com\/#\/schema\/logo\/image\/\"}}]}<\/script>\n<!-- \/ Yoast SEO plugin. -->","yoast_head_json":{"title":"MABETA Capteur d'oxyg\u00e8ne d'azote - garages catalyseur","description":"Capteurs d\u2019oxydes d\u2019azote compatibles Euro 5 \/ Euro 6","robots":{"index":"index","follow":"follow","max-snippet":"max-snippet:-1","max-image-preview":"max-image-preview:large","max-video-preview":"max-video-preview:-1"},"canonical":"https:\/\/catalyseur-fap-maroc.com\/ar\/product\/mabeta-capteur-doxygene-dazote\/","og_locale":"ar_AR","og_type":"article","og_title":"MABETA Capteur d'oxyg\u00e8ne d'azote - garages catalyseur","og_description":"Capteurs d\u2019oxydes d\u2019azote compatibles Euro 5 \/ Euro 6","og_url":"https:\/\/catalyseur-fap-maroc.com\/ar\/product\/mabeta-capteur-doxygene-dazote\/","og_site_name":"garages catalyseur","article_modified_time":"2025-11-22T09:47:55+00:00","og_image":[{"width":700,"height":700,"url":"https:\/\/catalyseur-fap-maroc.com\/wp-content\/uploads\/2025\/11\/omabeta-capteur-d-oxygene-d-azote-capteur-d-oxygen-3.webp","type":"image\/webp"}],"twitter_card":"summary_large_image","twitter_misc":{"Est. reading time":"1 minute"},"schema":{"@context":"https:\/\/schema.org","@graph":[{"@type":"WebPage","@id":"https:\/\/catalyseur-fap-maroc.com\/produit\/mabeta-capteur-doxygene-dazote\/","url":"https:\/\/catalyseur-fap-maroc.com\/produit\/mabeta-capteur-doxygene-dazote\/","name":"MABETA Capteur d'oxyg\u00e8ne d'azote - garages catalyseur","isPartOf":{"@id":"https:\/\/catalyseur-fap-maroc.com\/#website"},"primaryImageOfPage":{"@id":"https:\/\/catalyseur-fap-maroc.com\/produit\/mabeta-capteur-doxygene-dazote\/#primaryimage"},"image":{"@id":"https:\/\/catalyseur-fap-maroc.com\/produit\/mabeta-capteur-doxygene-dazote\/#primaryimage"},"thumbnailUrl":"https:\/\/catalyseur-fap-maroc.com\/wp-content\/uploads\/2025\/11\/omabeta-capteur-d-oxygene-d-azote-capteur-d-oxygen-3.webp","datePublished":"2025-11-22T09:42:34+00:00","dateModified":"2025-11-22T09:47:55+00:00","description":"Capteurs d\u2019oxydes d\u2019azote compatibles Euro 5 \/ Euro 6","breadcrumb":{"@id":"https:\/\/catalyseur-fap-maroc.com\/produit\/mabeta-capteur-doxygene-dazote\/#breadcrumb"},"inLanguage":"ary","potentialAction":[{"@type":"ReadAction","target":["https:\/\/catalyseur-fap-maroc.com\/produit\/mabeta-capteur-doxygene-dazote\/"]}]},{"@type":"ImageObject","inLanguage":"ary","@id":"https:\/\/catalyseur-fap-maroc.com\/produit\/mabeta-capteur-doxygene-dazote\/#primaryimage","url":"https:\/\/catalyseur-fap-maroc.com\/wp-content\/uploads\/2025\/11\/omabeta-capteur-d-oxygene-d-azote-capteur-d-oxygen-3.webp","contentUrl":"https:\/\/catalyseur-fap-maroc.com\/wp-content\/uploads\/2025\/11\/omabeta-capteur-d-oxygene-d-azote-capteur-d-oxygen-3.webp","width":700,"height":700},{"@type":"BreadcrumbList","@id":"https:\/\/catalyseur-fap-maroc.com\/produit\/mabeta-capteur-doxygene-dazote\/#breadcrumb","itemListElement":[{"@type":"ListItem","position":1,"name":"Accueil","item":"https:\/\/catalyseur-fap-maroc.com\/"},{"@type":"ListItem","position":2,"name":"Boutique","item":"https:\/\/catalyseur-fap-maroc.com\/boutique\/"},{"@type":"ListItem","position":3,"name":"MABETA Capteur d&rsquo;oxyg\u00e8ne d&rsquo;azote"}]},{"@type":"WebSite","@id":"https:\/\/catalyseur-fap-maroc.com\/#website","url":"https:\/\/catalyseur-fap-maroc.com\/","name":"garages catalyseur","description":"","publisher":{"@id":"https:\/\/catalyseur-fap-maroc.com\/#organization"},"potentialAction":[{"@type":"SearchAction","target":{"@type":"EntryPoint","urlTemplate":"https:\/\/catalyseur-fap-maroc.com\/?s={search_term_string}"},"query-input":{"@type":"PropertyValueSpecification","valueRequired":true,"valueName":"search_term_string"}}],"inLanguage":"ary"},{"@type":"Organization","@id":"https:\/\/catalyseur-fap-maroc.com\/#organization","name":"garages catalyseur","url":"https:\/\/catalyseur-fap-maroc.com\/","logo":{"@type":"ImageObject","inLanguage":"ary","@id":"https:\/\/catalyseur-fap-maroc.com\/#\/schema\/logo\/image\/","url":"https:\/\/catalyseur-fap-maroc.com\/wp-content\/uploads\/2025\/11\/cropped-499881295_18311707288230175_7766502969859483890_n.jpg","contentUrl":"https:\/\/catalyseur-fap-maroc.com\/wp-content\/uploads\/2025\/11\/cropped-499881295_18311707288230175_7766502969859483890_n.jpg","width":112,"height":50,"caption":"garages catalyseur"},"image":{"@id":"https:\/\/catalyseur-fap-maroc.com\/#\/schema\/logo\/image\/"}}]}},"_links":{"self":[{"href":"https:\/\/catalyseur-fap-maroc.com\/ar\/wp-json\/wp\/v2\/product\/285","targetHints":{"allow":["GET"]}}],"collection":[{"href":"https:\/\/catalyseur-fap-maroc.com\/ar\/wp-json\/wp\/v2\/product"}],"about":[{"href":"https:\/\/catalyseur-fap-maroc.com\/ar\/wp-json\/wp\/v2\/types\/product"}],"wp:featuredmedia":[{"embeddable":true,"href":"https:\/\/catalyseur-fap-maroc.com\/ar\/wp-json\/wp\/v2\/media\/294"}],"wp:attachment":[{"href":"https:\/\/catalyseur-fap-maroc.com\/ar\/wp-json\/wp\/v2\/media?parent=285"}],"wp:term":[{"taxonomy":"product_brand","embeddable":true,"href":"https:\/\/catalyseur-fap-maroc.com\/ar\/wp-json\/wp\/v2\/product_brand?post=285"},{"taxonomy":"product_cat","embeddable":true,"href":"https:\/\/catalyseur-fap-maroc.com\/ar\/wp-json\/wp\/v2\/product_cat?post=285"},{"taxonomy":"product_tag","embeddable":true,"href":"https:\/\/catalyseur-fap-maroc.com\/ar\/wp-json\/wp\/v2\/product_tag?post=285"}],"curies":[{"name":"wp","href":"https:\/\/api.w.org\/{rel}","templated":true}]}}