{"id":208,"date":"2025-11-20T17:52:55","date_gmt":"2025-11-20T17:52:55","guid":{"rendered":"https:\/\/catalyseur-fap-maroc.com\/?post_type=product&#038;p=208"},"modified":"2025-11-20T17:52:55","modified_gmt":"2025-11-20T17:52:55","slug":"vanne-egr-neuve-mercedes-sprinter-vito","status":"publish","type":"product","link":"https:\/\/catalyseur-fap-maroc.com\/ar\/product\/vanne-egr-neuve-mercedes-sprinter-vito\/","title":{"rendered":"Vanne EGR Neuve Mercedes Sprinter \/ Vito"},"content":{"rendered":"<p>Vanne EGR neuve pour Mercedes Sprinter et Vito. R\u00e9duit pollution et d\u00e9faut moteur.<\/p>\n<p>Vanne EGR Neuve Mercedes Sprinter \/ Vito<\/p>","protected":false},"excerpt":{"rendered":"<p>Vanne EGR neuve con\u00e7ue pour Mercedes Sprinter et Vito, compatible Euro 5\/6. Installation facile, performance moteur optimis\u00e9e.<\/p>\n<p>Achetez votre vanne EGR neuve pour Mercedes Sprinter et Vito. R\u00e9duction des \u00e9missions et d\u00e9fauts moteur. Livraison rapide Maroc.<\/p>","protected":false},"featured_media":213,"template":"","meta":{"site-sidebar-layout":"default","site-content-layout":"","ast-site-content-layout":"default","site-content-style":"default","site-sidebar-style":"default","ast-global-header-display":"","ast-banner-title-visibility":"","ast-main-header-display":"","ast-hfb-above-header-display":"","ast-hfb-below-header-display":"","ast-hfb-mobile-header-display":"","site-post-title":"","ast-breadcrumbs-content":"","ast-featured-img":"","footer-sml-layout":"","theme-transparent-header-meta":"default","adv-header-id-meta":"","stick-header-meta":"","header-above-stick-meta":"","header-main-stick-meta":"","header-below-stick-meta":"","astra-migrate-meta-layouts":"set","ast-page-background-enabled":"default","ast-page-background-meta":{"desktop":{"background-color":"var(--ast-global-color-5)","background-image":"","background-repeat":"repeat","background-position":"center center","background-size":"auto","background-attachment":"scroll","background-type":"","background-media":"","overlay-type":"","overlay-color":"","overlay-opacity":"","overlay-gradient":""},"tablet":{"background-color":"","background-image":"","background-repeat":"repeat","background-position":"center center","background-size":"auto","background-attachment":"scroll","background-type":"","background-media":"","overlay-type":"","overlay-color":"","overlay-opacity":"","overlay-gradient":""},"mobile":{"background-color":"","background-image":"","background-repeat":"repeat","background-position":"center center","background-size":"auto","background-attachment":"scroll","background-type":"","background-media":"","overlay-type":"","overlay-color":"","overlay-opacity":"","overlay-gradient":""}},"ast-content-background-meta":{"desktop":{"background-color":"var(--ast-global-color-4)","background-image":"","background-repeat":"repeat","background-position":"center center","background-size":"auto","background-attachment":"scroll","background-type":"","background-media":"","overlay-type":"","overlay-color":"","overlay-opacity":"","overlay-gradient":""},"tablet":{"background-color":"var(--ast-global-color-4)","background-image":"","background-repeat":"repeat","background-position":"center center","background-size":"auto","background-attachment":"scroll","background-type":"","background-media":"","overlay-type":"","overlay-color":"","overlay-opacity":"","overlay-gradient":""},"mobile":{"background-color":"var(--ast-global-color-4)","background-image":"","background-repeat":"repeat","background-position":"center center","background-size":"auto","background-attachment":"scroll","background-type":"","background-media":"","overlay-type":"","overlay-color":"","overlay-opacity":"","overlay-gradient":""}}},"product_brand":[],"product_cat":[26,29],"product_tag":[37,38,39,36],"class_list":{"0":"post-208","1":"product","2":"type-product","3":"status-publish","4":"has-post-thumbnail","6":"product_cat-pieces-auto","7":"product_cat-vannes-egr","8":"product_tag-egr-sprinter","9":"product_tag-egr-vito","10":"product_tag-pieces-auto-mercedes","11":"product_tag-vanne-egr-mercedes","12":"desktop-align-center","13":"tablet-align-left","14":"mobile-align-left","16":"first","17":"instock","18":"shipping-taxable","19":"product-type-simple"},"yoast_head":"<!-- This site is optimized with the Yoast SEO plugin v26.4 - https:\/\/yoast.com\/wordpress\/plugins\/seo\/ -->\n<title>Vanne EGR Neuve Mercedes Sprinter \/ Vito - garages catalyseur<\/title>\n<meta name=\"description\" content=\"Vanne EGR Neuve Mercedes Sprinter \/ Vito\" \/>\n<meta name=\"robots\" content=\"index, follow, max-snippet:-1, max-image-preview:large, max-video-preview:-1\" \/>\n<link rel=\"canonical\" href=\"https:\/\/catalyseur-fap-maroc.com\/ar\/product\/vanne-egr-neuve-mercedes-sprinter-vito\/\" \/>\n<meta property=\"og:locale\" content=\"ar_AR\" \/>\n<meta property=\"og:type\" content=\"article\" \/>\n<meta property=\"og:title\" content=\"Vanne EGR Neuve Mercedes Sprinter \/ Vito - garages catalyseur\" \/>\n<meta property=\"og:description\" content=\"Vanne EGR Neuve Mercedes Sprinter \/ Vito\" \/>\n<meta property=\"og:url\" content=\"https:\/\/catalyseur-fap-maroc.com\/ar\/product\/vanne-egr-neuve-mercedes-sprinter-vito\/\" \/>\n<meta property=\"og:site_name\" content=\"garages catalyseur\" \/>\n<meta property=\"og:image\" content=\"https:\/\/catalyseur-fap-maroc.com\/wp-content\/uploads\/2025\/11\/telechargement-5.jpeg\" \/>\n\t<meta property=\"og:image:width\" content=\"263\" \/>\n\t<meta property=\"og:image:height\" content=\"192\" \/>\n\t<meta property=\"og:image:type\" content=\"image\/jpeg\" \/>\n<meta name=\"twitter:card\" content=\"summary_large_image\" \/>\n<meta name=\"twitter:label1\" content=\"Est. reading time\" \/>\n\t<meta name=\"twitter:data1\" content=\"1 minute\" \/>\n<script type=\"application\/ld+json\" class=\"yoast-schema-graph\">{\"@context\":\"https:\/\/schema.org\",\"@graph\":[{\"@type\":\"WebPage\",\"@id\":\"https:\/\/catalyseur-fap-maroc.com\/produit\/vanne-egr-neuve-mercedes-sprinter-vito\/\",\"url\":\"https:\/\/catalyseur-fap-maroc.com\/produit\/vanne-egr-neuve-mercedes-sprinter-vito\/\",\"name\":\"Vanne EGR Neuve Mercedes Sprinter \/ Vito - garages catalyseur\",\"isPartOf\":{\"@id\":\"https:\/\/catalyseur-fap-maroc.com\/#website\"},\"primaryImageOfPage\":{\"@id\":\"https:\/\/catalyseur-fap-maroc.com\/produit\/vanne-egr-neuve-mercedes-sprinter-vito\/#primaryimage\"},\"image\":{\"@id\":\"https:\/\/catalyseur-fap-maroc.com\/produit\/vanne-egr-neuve-mercedes-sprinter-vito\/#primaryimage\"},\"thumbnailUrl\":\"https:\/\/catalyseur-fap-maroc.com\/wp-content\/uploads\/2025\/11\/telechargement-5.jpeg\",\"datePublished\":\"2025-11-20T17:52:55+00:00\",\"description\":\"Vanne EGR Neuve Mercedes Sprinter \/ Vito\",\"breadcrumb\":{\"@id\":\"https:\/\/catalyseur-fap-maroc.com\/produit\/vanne-egr-neuve-mercedes-sprinter-vito\/#breadcrumb\"},\"inLanguage\":\"ary\",\"potentialAction\":[{\"@type\":\"ReadAction\",\"target\":[\"https:\/\/catalyseur-fap-maroc.com\/produit\/vanne-egr-neuve-mercedes-sprinter-vito\/\"]}]},{\"@type\":\"ImageObject\",\"inLanguage\":\"ary\",\"@id\":\"https:\/\/catalyseur-fap-maroc.com\/produit\/vanne-egr-neuve-mercedes-sprinter-vito\/#primaryimage\",\"url\":\"https:\/\/catalyseur-fap-maroc.com\/wp-content\/uploads\/2025\/11\/telechargement-5.jpeg\",\"contentUrl\":\"https:\/\/catalyseur-fap-maroc.com\/wp-content\/uploads\/2025\/11\/telechargement-5.jpeg\",\"width\":263,\"height\":192,\"caption\":\"Vanne EGR Neuve Mercedes Sprinter \/ Vito\"},{\"@type\":\"BreadcrumbList\",\"@id\":\"https:\/\/catalyseur-fap-maroc.com\/produit\/vanne-egr-neuve-mercedes-sprinter-vito\/#breadcrumb\",\"itemListElement\":[{\"@type\":\"ListItem\",\"position\":1,\"name\":\"Accueil\",\"item\":\"https:\/\/catalyseur-fap-maroc.com\/\"},{\"@type\":\"ListItem\",\"position\":2,\"name\":\"Boutique\",\"item\":\"https:\/\/catalyseur-fap-maroc.com\/boutique\/\"},{\"@type\":\"ListItem\",\"position\":3,\"name\":\"Vanne EGR Neuve Mercedes Sprinter \/ Vito\"}]},{\"@type\":\"WebSite\",\"@id\":\"https:\/\/catalyseur-fap-maroc.com\/#website\",\"url\":\"https:\/\/catalyseur-fap-maroc.com\/\",\"name\":\"garages catalyseur\",\"description\":\"\",\"publisher\":{\"@id\":\"https:\/\/catalyseur-fap-maroc.com\/#organization\"},\"potentialAction\":[{\"@type\":\"SearchAction\",\"target\":{\"@type\":\"EntryPoint\",\"urlTemplate\":\"https:\/\/catalyseur-fap-maroc.com\/?s={search_term_string}\"},\"query-input\":{\"@type\":\"PropertyValueSpecification\",\"valueRequired\":true,\"valueName\":\"search_term_string\"}}],\"inLanguage\":\"ary\"},{\"@type\":\"Organization\",\"@id\":\"https:\/\/catalyseur-fap-maroc.com\/#organization\",\"name\":\"garages catalyseur\",\"url\":\"https:\/\/catalyseur-fap-maroc.com\/\",\"logo\":{\"@type\":\"ImageObject\",\"inLanguage\":\"ary\",\"@id\":\"https:\/\/catalyseur-fap-maroc.com\/#\/schema\/logo\/image\/\",\"url\":\"https:\/\/catalyseur-fap-maroc.com\/wp-content\/uploads\/2025\/11\/cropped-499881295_18311707288230175_7766502969859483890_n.jpg\",\"contentUrl\":\"https:\/\/catalyseur-fap-maroc.com\/wp-content\/uploads\/2025\/11\/cropped-499881295_18311707288230175_7766502969859483890_n.jpg\",\"width\":112,\"height\":50,\"caption\":\"garages catalyseur\"},\"image\":{\"@id\":\"https:\/\/catalyseur-fap-maroc.com\/#\/schema\/logo\/image\/\"}}]}<\/script>\n<!-- \/ Yoast SEO plugin. -->","yoast_head_json":{"title":"Vanne EGR Neuve Mercedes Sprinter \/ Vito - garages catalyseur","description":"Vanne EGR Neuve Mercedes Sprinter \/ Vito","robots":{"index":"index","follow":"follow","max-snippet":"max-snippet:-1","max-image-preview":"max-image-preview:large","max-video-preview":"max-video-preview:-1"},"canonical":"https:\/\/catalyseur-fap-maroc.com\/ar\/product\/vanne-egr-neuve-mercedes-sprinter-vito\/","og_locale":"ar_AR","og_type":"article","og_title":"Vanne EGR Neuve Mercedes Sprinter \/ Vito - garages catalyseur","og_description":"Vanne EGR Neuve Mercedes Sprinter \/ Vito","og_url":"https:\/\/catalyseur-fap-maroc.com\/ar\/product\/vanne-egr-neuve-mercedes-sprinter-vito\/","og_site_name":"garages catalyseur","og_image":[{"width":263,"height":192,"url":"https:\/\/catalyseur-fap-maroc.com\/wp-content\/uploads\/2025\/11\/telechargement-5.jpeg","type":"image\/jpeg"}],"twitter_card":"summary_large_image","twitter_misc":{"Est. reading time":"1 minute"},"schema":{"@context":"https:\/\/schema.org","@graph":[{"@type":"WebPage","@id":"https:\/\/catalyseur-fap-maroc.com\/produit\/vanne-egr-neuve-mercedes-sprinter-vito\/","url":"https:\/\/catalyseur-fap-maroc.com\/produit\/vanne-egr-neuve-mercedes-sprinter-vito\/","name":"Vanne EGR Neuve Mercedes Sprinter \/ Vito - garages catalyseur","isPartOf":{"@id":"https:\/\/catalyseur-fap-maroc.com\/#website"},"primaryImageOfPage":{"@id":"https:\/\/catalyseur-fap-maroc.com\/produit\/vanne-egr-neuve-mercedes-sprinter-vito\/#primaryimage"},"image":{"@id":"https:\/\/catalyseur-fap-maroc.com\/produit\/vanne-egr-neuve-mercedes-sprinter-vito\/#primaryimage"},"thumbnailUrl":"https:\/\/catalyseur-fap-maroc.com\/wp-content\/uploads\/2025\/11\/telechargement-5.jpeg","datePublished":"2025-11-20T17:52:55+00:00","description":"Vanne EGR Neuve Mercedes Sprinter \/ Vito","breadcrumb":{"@id":"https:\/\/catalyseur-fap-maroc.com\/produit\/vanne-egr-neuve-mercedes-sprinter-vito\/#breadcrumb"},"inLanguage":"ary","potentialAction":[{"@type":"ReadAction","target":["https:\/\/catalyseur-fap-maroc.com\/produit\/vanne-egr-neuve-mercedes-sprinter-vito\/"]}]},{"@type":"ImageObject","inLanguage":"ary","@id":"https:\/\/catalyseur-fap-maroc.com\/produit\/vanne-egr-neuve-mercedes-sprinter-vito\/#primaryimage","url":"https:\/\/catalyseur-fap-maroc.com\/wp-content\/uploads\/2025\/11\/telechargement-5.jpeg","contentUrl":"https:\/\/catalyseur-fap-maroc.com\/wp-content\/uploads\/2025\/11\/telechargement-5.jpeg","width":263,"height":192,"caption":"Vanne EGR Neuve Mercedes Sprinter \/ Vito"},{"@type":"BreadcrumbList","@id":"https:\/\/catalyseur-fap-maroc.com\/produit\/vanne-egr-neuve-mercedes-sprinter-vito\/#breadcrumb","itemListElement":[{"@type":"ListItem","position":1,"name":"Accueil","item":"https:\/\/catalyseur-fap-maroc.com\/"},{"@type":"ListItem","position":2,"name":"Boutique","item":"https:\/\/catalyseur-fap-maroc.com\/boutique\/"},{"@type":"ListItem","position":3,"name":"Vanne EGR Neuve Mercedes Sprinter \/ Vito"}]},{"@type":"WebSite","@id":"https:\/\/catalyseur-fap-maroc.com\/#website","url":"https:\/\/catalyseur-fap-maroc.com\/","name":"garages catalyseur","description":"","publisher":{"@id":"https:\/\/catalyseur-fap-maroc.com\/#organization"},"potentialAction":[{"@type":"SearchAction","target":{"@type":"EntryPoint","urlTemplate":"https:\/\/catalyseur-fap-maroc.com\/?s={search_term_string}"},"query-input":{"@type":"PropertyValueSpecification","valueRequired":true,"valueName":"search_term_string"}}],"inLanguage":"ary"},{"@type":"Organization","@id":"https:\/\/catalyseur-fap-maroc.com\/#organization","name":"garages catalyseur","url":"https:\/\/catalyseur-fap-maroc.com\/","logo":{"@type":"ImageObject","inLanguage":"ary","@id":"https:\/\/catalyseur-fap-maroc.com\/#\/schema\/logo\/image\/","url":"https:\/\/catalyseur-fap-maroc.com\/wp-content\/uploads\/2025\/11\/cropped-499881295_18311707288230175_7766502969859483890_n.jpg","contentUrl":"https:\/\/catalyseur-fap-maroc.com\/wp-content\/uploads\/2025\/11\/cropped-499881295_18311707288230175_7766502969859483890_n.jpg","width":112,"height":50,"caption":"garages catalyseur"},"image":{"@id":"https:\/\/catalyseur-fap-maroc.com\/#\/schema\/logo\/image\/"}}]}},"_links":{"self":[{"href":"https:\/\/catalyseur-fap-maroc.com\/ar\/wp-json\/wp\/v2\/product\/208","targetHints":{"allow":["GET"]}}],"collection":[{"href":"https:\/\/catalyseur-fap-maroc.com\/ar\/wp-json\/wp\/v2\/product"}],"about":[{"href":"https:\/\/catalyseur-fap-maroc.com\/ar\/wp-json\/wp\/v2\/types\/product"}],"wp:featuredmedia":[{"embeddable":true,"href":"https:\/\/catalyseur-fap-maroc.com\/ar\/wp-json\/wp\/v2\/media\/213"}],"wp:attachment":[{"href":"https:\/\/catalyseur-fap-maroc.com\/ar\/wp-json\/wp\/v2\/media?parent=208"}],"wp:term":[{"taxonomy":"product_brand","embeddable":true,"href":"https:\/\/catalyseur-fap-maroc.com\/ar\/wp-json\/wp\/v2\/product_brand?post=208"},{"taxonomy":"product_cat","embeddable":true,"href":"https:\/\/catalyseur-fap-maroc.com\/ar\/wp-json\/wp\/v2\/product_cat?post=208"},{"taxonomy":"product_tag","embeddable":true,"href":"https:\/\/catalyseur-fap-maroc.com\/ar\/wp-json\/wp\/v2\/product_tag?post=208"}],"curies":[{"name":"wp","href":"https:\/\/api.w.org\/{rel}","templated":true}]}}