{"id":194,"date":"2025-11-20T17:22:06","date_gmt":"2025-11-20T17:22:06","guid":{"rendered":"https:\/\/catalyseur-fap-maroc.com\/?post_type=product&#038;p=194"},"modified":"2025-11-20T17:43:11","modified_gmt":"2025-11-20T17:43:11","slug":"filtre-a-particules-mercedes-glc-klasse","status":"publish","type":"product","link":"https:\/\/catalyseur-fap-maroc.com\/ar\/product\/filtre-a-particules-mercedes-glc-klasse\/","title":{"rendered":"Filtre \u00e0 particules Mercedes GLC-Klasse"},"content":{"rendered":"<h3 data-start=\"767\" data-end=\"784\"><strong data-start=\"771\" data-end=\"784\">Avantages<\/strong><\/h3>\n<p data-start=\"785\" data-end=\"1010\">\u2714 R\u00e9duit la fum\u00e9e et les \u00e9missions<br data-start=\"819\" data-end=\"822\" \/>\u2714 Am\u00e9liore le passage des gaz d\u2019\u00e9chappement<br data-start=\"865\" data-end=\"868\" \/>\u2714 Restaure la puissance et la consommation normale<br data-start=\"918\" data-end=\"921\" \/>\u2714 \u00c9vite les modes d\u00e9grad\u00e9s \/ voyant moteur<br data-start=\"963\" data-end=\"966\" \/>\u2714 Compatible avec diagnostic et r\u00e9g\u00e9n\u00e9ration<\/p>\n<h3 data-start=\"1012\" data-end=\"1040\"><strong data-start=\"1016\" data-end=\"1040\">Id\u00e9al si vous avez :<\/strong><\/h3>\n<ul data-start=\"1041\" data-end=\"1165\">\n<li data-start=\"1041\" data-end=\"1071\">\n<p data-start=\"1043\" data-end=\"1071\">Voyant FAP \/ moteur allum\u00e9<\/p>\n<\/li>\n<li data-start=\"1072\" data-end=\"1094\">\n<p data-start=\"1074\" data-end=\"1094\">Perte de puissance<\/p>\n<\/li>\n<li data-start=\"1095\" data-end=\"1114\">\n<p data-start=\"1097\" data-end=\"1114\">Surconsommation<\/p>\n<\/li>\n<li data-start=\"1115\" data-end=\"1165\">\n<p data-start=\"1117\" data-end=\"1165\">FAP colmat\u00e9 ou trop encrass\u00e9 pour \u00eatre nettoy\u00e9<\/p>\n<\/li>\n<\/ul>","protected":false},"excerpt":{"rendered":"<p>Filtre \u00e0 particules Mercedes GLC-Klasse<\/p>\n<p data-start=\"276\" data-end=\"500\">Filtre \u00e0 particules (FAP) compatible Mercedes GLC-Klasse, con\u00e7u pour assurer une filtration optimale des particules fines et maintenir les performances du moteur.<br data-start=\"438\" data-end=\"441\" \/>Id\u00e9al pour remplacer un FAP encrass\u00e9, colmat\u00e9 ou endommag\u00e9.<\/p>\n<h3 data-start=\"502\" data-end=\"526\"><strong data-start=\"506\" data-end=\"526\">Caract\u00e9ristiques<\/strong><\/h3>\n<ul data-start=\"527\" data-end=\"765\">\n<li data-start=\"527\" data-end=\"606\">\n<p data-start=\"529\" data-end=\"606\">Compatible Mercedes <strong data-start=\"549\" data-end=\"604\">GLC-Klasse (toutes motorisations diesel concern\u00e9es)<\/strong><\/p>\n<\/li>\n<li data-start=\"607\" data-end=\"660\">\n<p data-start=\"609\" data-end=\"660\">Mat\u00e9riaux haute r\u00e9sistance et longue dur\u00e9e de vie<\/p>\n<\/li>\n<li data-start=\"661\" data-end=\"714\">\n<p data-start=\"663\" data-end=\"714\">Filtration performante pour r\u00e9duire les \u00e9missions<\/p>\n<\/li>\n<li data-start=\"715\" data-end=\"765\">\n<p data-start=\"717\" data-end=\"765\">Montage simple, conforme aux normes constructeur<\/p>\n<\/li>\n<\/ul>\n<h3 data-start=\"767\" data-end=\"784\"><strong data-start=\"771\" data-end=\"784\">Avantages<\/strong><\/h3>\n<p data-start=\"785\" data-end=\"1010\">\u2714 R\u00e9duit la fum\u00e9e et les \u00e9missions<br data-start=\"819\" data-end=\"822\" \/>\u2714 Am\u00e9liore le passage des gaz d\u2019\u00e9chappement<br data-start=\"865\" data-end=\"868\" \/>\u2714 Restaure la puissance et la consommation normale<br data-start=\"918\" data-end=\"921\" \/>\u2714 \u00c9vite les modes d\u00e9grad\u00e9s \/ voyant moteur<br data-start=\"963\" data-end=\"966\" \/>\u2714 Compatible avec diagnostic et r\u00e9g\u00e9n\u00e9ration<\/p>\n<h3 data-start=\"1012\" data-end=\"1040\"><strong data-start=\"1016\" data-end=\"1040\">Id\u00e9al si vous avez :<\/strong><\/h3>\n<ul data-start=\"1041\" data-end=\"1165\">\n<li data-start=\"1041\" data-end=\"1071\">\n<p data-start=\"1043\" data-end=\"1071\">Voyant FAP \/ moteur allum\u00e9<\/p>\n<\/li>\n<li data-start=\"1072\" data-end=\"1094\">\n<p data-start=\"1074\" data-end=\"1094\">Perte de puissance<\/p>\n<\/li>\n<li data-start=\"1095\" data-end=\"1114\">\n<p data-start=\"1097\" data-end=\"1114\">Surconsommation<\/p>\n<\/li>\n<li data-start=\"1115\" data-end=\"1165\">\n<p data-start=\"1117\" data-end=\"1165\">FAP colmat\u00e9 ou trop encrass\u00e9 pour \u00eatre nettoy\u00e9<\/p>\n<\/li>\n<\/ul>","protected":false},"featured_media":172,"template":"","meta":{"site-sidebar-layout":"default","site-content-layout":"","ast-site-content-layout":"default","site-content-style":"default","site-sidebar-style":"default","ast-global-header-display":"","ast-banner-title-visibility":"","ast-main-header-display":"","ast-hfb-above-header-display":"","ast-hfb-below-header-display":"","ast-hfb-mobile-header-display":"","site-post-title":"","ast-breadcrumbs-content":"","ast-featured-img":"","footer-sml-layout":"","theme-transparent-header-meta":"default","adv-header-id-meta":"","stick-header-meta":"","header-above-stick-meta":"","header-main-stick-meta":"","header-below-stick-meta":"","astra-migrate-meta-layouts":"set","ast-page-background-enabled":"default","ast-page-background-meta":{"desktop":{"background-color":"var(--ast-global-color-5)","background-image":"","background-repeat":"repeat","background-position":"center center","background-size":"auto","background-attachment":"scroll","background-type":"","background-media":"","overlay-type":"","overlay-color":"","overlay-opacity":"","overlay-gradient":""},"tablet":{"background-color":"","background-image":"","background-repeat":"repeat","background-position":"center center","background-size":"auto","background-attachment":"scroll","background-type":"","background-media":"","overlay-type":"","overlay-color":"","overlay-opacity":"","overlay-gradient":""},"mobile":{"background-color":"","background-image":"","background-repeat":"repeat","background-position":"center center","background-size":"auto","background-attachment":"scroll","background-type":"","background-media":"","overlay-type":"","overlay-color":"","overlay-opacity":"","overlay-gradient":""}},"ast-content-background-meta":{"desktop":{"background-color":"var(--ast-global-color-4)","background-image":"","background-repeat":"repeat","background-position":"center center","background-size":"auto","background-attachment":"scroll","background-type":"","background-media":"","overlay-type":"","overlay-color":"","overlay-opacity":"","overlay-gradient":""},"tablet":{"background-color":"var(--ast-global-color-4)","background-image":"","background-repeat":"repeat","background-position":"center center","background-size":"auto","background-attachment":"scroll","background-type":"","background-media":"","overlay-type":"","overlay-color":"","overlay-opacity":"","overlay-gradient":""},"mobile":{"background-color":"var(--ast-global-color-4)","background-image":"","background-repeat":"repeat","background-position":"center center","background-size":"auto","background-attachment":"scroll","background-type":"","background-media":"","overlay-type":"","overlay-color":"","overlay-opacity":"","overlay-gradient":""}}},"product_brand":[],"product_cat":[27,28,26],"product_tag":[],"class_list":{"0":"post-194","1":"product","2":"type-product","3":"status-publish","4":"has-post-thumbnail","6":"product_cat-catalyseurs","7":"product_cat-filtres-fap-dpf","8":"product_cat-pieces-auto","9":"desktop-align-center","10":"tablet-align-left","11":"mobile-align-left","13":"first","14":"instock","15":"shipping-taxable","16":"product-type-simple"},"yoast_head":"<!-- This site is optimized with the Yoast SEO plugin v26.4 - https:\/\/yoast.com\/wordpress\/plugins\/seo\/ -->\n<title>Filtre \u00e0 particules Mercedes GLC-Klasse - garages catalyseur<\/title>\n<meta name=\"description\" content=\"Filtre \u00e0 particules Mercedes GLC-Klasse\" \/>\n<meta name=\"robots\" content=\"index, follow, max-snippet:-1, max-image-preview:large, max-video-preview:-1\" \/>\n<link rel=\"canonical\" href=\"https:\/\/catalyseur-fap-maroc.com\/ar\/product\/filtre-a-particules-mercedes-glc-klasse\/\" \/>\n<meta property=\"og:locale\" content=\"ar_AR\" \/>\n<meta property=\"og:type\" content=\"article\" \/>\n<meta property=\"og:title\" content=\"Filtre \u00e0 particules Mercedes GLC-Klasse - garages catalyseur\" \/>\n<meta property=\"og:description\" content=\"Filtre \u00e0 particules Mercedes GLC-Klasse\" \/>\n<meta property=\"og:url\" content=\"https:\/\/catalyseur-fap-maroc.com\/ar\/product\/filtre-a-particules-mercedes-glc-klasse\/\" \/>\n<meta property=\"og:site_name\" content=\"garages catalyseur\" \/>\n<meta property=\"article:modified_time\" content=\"2025-11-20T17:43:11+00:00\" \/>\n<meta property=\"og:image\" content=\"https:\/\/catalyseur-fap-maroc.com\/wp-content\/uploads\/2025\/11\/Filtre-a-particules-Mercedes-GLC-Klasse.jpg\" \/>\n\t<meta property=\"og:image:width\" content=\"700\" \/>\n\t<meta property=\"og:image:height\" content=\"394\" \/>\n\t<meta property=\"og:image:type\" content=\"image\/jpeg\" \/>\n<meta name=\"twitter:card\" content=\"summary_large_image\" \/>\n<meta name=\"twitter:label1\" content=\"Est. reading time\" \/>\n\t<meta name=\"twitter:data1\" content=\"1 minute\" \/>\n<script type=\"application\/ld+json\" class=\"yoast-schema-graph\">{\"@context\":\"https:\/\/schema.org\",\"@graph\":[{\"@type\":\"WebPage\",\"@id\":\"https:\/\/catalyseur-fap-maroc.com\/produit\/filtre-a-particules-mercedes-glc-klasse\/\",\"url\":\"https:\/\/catalyseur-fap-maroc.com\/produit\/filtre-a-particules-mercedes-glc-klasse\/\",\"name\":\"Filtre \u00e0 particules Mercedes GLC-Klasse - garages catalyseur\",\"isPartOf\":{\"@id\":\"https:\/\/catalyseur-fap-maroc.com\/#website\"},\"primaryImageOfPage\":{\"@id\":\"https:\/\/catalyseur-fap-maroc.com\/produit\/filtre-a-particules-mercedes-glc-klasse\/#primaryimage\"},\"image\":{\"@id\":\"https:\/\/catalyseur-fap-maroc.com\/produit\/filtre-a-particules-mercedes-glc-klasse\/#primaryimage\"},\"thumbnailUrl\":\"https:\/\/catalyseur-fap-maroc.com\/wp-content\/uploads\/2025\/11\/Filtre-a-particules-Mercedes-GLC-Klasse.jpg\",\"datePublished\":\"2025-11-20T17:22:06+00:00\",\"dateModified\":\"2025-11-20T17:43:11+00:00\",\"description\":\"Filtre \u00e0 particules Mercedes GLC-Klasse\",\"breadcrumb\":{\"@id\":\"https:\/\/catalyseur-fap-maroc.com\/produit\/filtre-a-particules-mercedes-glc-klasse\/#breadcrumb\"},\"inLanguage\":\"ary\",\"potentialAction\":[{\"@type\":\"ReadAction\",\"target\":[\"https:\/\/catalyseur-fap-maroc.com\/produit\/filtre-a-particules-mercedes-glc-klasse\/\"]}]},{\"@type\":\"ImageObject\",\"inLanguage\":\"ary\",\"@id\":\"https:\/\/catalyseur-fap-maroc.com\/produit\/filtre-a-particules-mercedes-glc-klasse\/#primaryimage\",\"url\":\"https:\/\/catalyseur-fap-maroc.com\/wp-content\/uploads\/2025\/11\/Filtre-a-particules-Mercedes-GLC-Klasse.jpg\",\"contentUrl\":\"https:\/\/catalyseur-fap-maroc.com\/wp-content\/uploads\/2025\/11\/Filtre-a-particules-Mercedes-GLC-Klasse.jpg\",\"width\":700,\"height\":394},{\"@type\":\"BreadcrumbList\",\"@id\":\"https:\/\/catalyseur-fap-maroc.com\/produit\/filtre-a-particules-mercedes-glc-klasse\/#breadcrumb\",\"itemListElement\":[{\"@type\":\"ListItem\",\"position\":1,\"name\":\"Accueil\",\"item\":\"https:\/\/catalyseur-fap-maroc.com\/\"},{\"@type\":\"ListItem\",\"position\":2,\"name\":\"Boutique\",\"item\":\"https:\/\/catalyseur-fap-maroc.com\/boutique\/\"},{\"@type\":\"ListItem\",\"position\":3,\"name\":\"Filtre \u00e0 particules Mercedes GLC-Klasse\"}]},{\"@type\":\"WebSite\",\"@id\":\"https:\/\/catalyseur-fap-maroc.com\/#website\",\"url\":\"https:\/\/catalyseur-fap-maroc.com\/\",\"name\":\"garages catalyseur\",\"description\":\"\",\"publisher\":{\"@id\":\"https:\/\/catalyseur-fap-maroc.com\/#organization\"},\"potentialAction\":[{\"@type\":\"SearchAction\",\"target\":{\"@type\":\"EntryPoint\",\"urlTemplate\":\"https:\/\/catalyseur-fap-maroc.com\/?s={search_term_string}\"},\"query-input\":{\"@type\":\"PropertyValueSpecification\",\"valueRequired\":true,\"valueName\":\"search_term_string\"}}],\"inLanguage\":\"ary\"},{\"@type\":\"Organization\",\"@id\":\"https:\/\/catalyseur-fap-maroc.com\/#organization\",\"name\":\"garages catalyseur\",\"url\":\"https:\/\/catalyseur-fap-maroc.com\/\",\"logo\":{\"@type\":\"ImageObject\",\"inLanguage\":\"ary\",\"@id\":\"https:\/\/catalyseur-fap-maroc.com\/#\/schema\/logo\/image\/\",\"url\":\"https:\/\/catalyseur-fap-maroc.com\/wp-content\/uploads\/2025\/11\/cropped-499881295_18311707288230175_7766502969859483890_n.jpg\",\"contentUrl\":\"https:\/\/catalyseur-fap-maroc.com\/wp-content\/uploads\/2025\/11\/cropped-499881295_18311707288230175_7766502969859483890_n.jpg\",\"width\":112,\"height\":50,\"caption\":\"garages catalyseur\"},\"image\":{\"@id\":\"https:\/\/catalyseur-fap-maroc.com\/#\/schema\/logo\/image\/\"}}]}<\/script>\n<!-- \/ Yoast SEO plugin. -->","yoast_head_json":{"title":"Filtre \u00e0 particules Mercedes GLC-Klasse - garages catalyseur","description":"Filtre \u00e0 particules Mercedes GLC-Klasse","robots":{"index":"index","follow":"follow","max-snippet":"max-snippet:-1","max-image-preview":"max-image-preview:large","max-video-preview":"max-video-preview:-1"},"canonical":"https:\/\/catalyseur-fap-maroc.com\/ar\/product\/filtre-a-particules-mercedes-glc-klasse\/","og_locale":"ar_AR","og_type":"article","og_title":"Filtre \u00e0 particules Mercedes GLC-Klasse - garages catalyseur","og_description":"Filtre \u00e0 particules Mercedes GLC-Klasse","og_url":"https:\/\/catalyseur-fap-maroc.com\/ar\/product\/filtre-a-particules-mercedes-glc-klasse\/","og_site_name":"garages catalyseur","article_modified_time":"2025-11-20T17:43:11+00:00","og_image":[{"width":700,"height":394,"url":"https:\/\/catalyseur-fap-maroc.com\/wp-content\/uploads\/2025\/11\/Filtre-a-particules-Mercedes-GLC-Klasse.jpg","type":"image\/jpeg"}],"twitter_card":"summary_large_image","twitter_misc":{"Est. reading time":"1 minute"},"schema":{"@context":"https:\/\/schema.org","@graph":[{"@type":"WebPage","@id":"https:\/\/catalyseur-fap-maroc.com\/produit\/filtre-a-particules-mercedes-glc-klasse\/","url":"https:\/\/catalyseur-fap-maroc.com\/produit\/filtre-a-particules-mercedes-glc-klasse\/","name":"Filtre \u00e0 particules Mercedes GLC-Klasse - garages catalyseur","isPartOf":{"@id":"https:\/\/catalyseur-fap-maroc.com\/#website"},"primaryImageOfPage":{"@id":"https:\/\/catalyseur-fap-maroc.com\/produit\/filtre-a-particules-mercedes-glc-klasse\/#primaryimage"},"image":{"@id":"https:\/\/catalyseur-fap-maroc.com\/produit\/filtre-a-particules-mercedes-glc-klasse\/#primaryimage"},"thumbnailUrl":"https:\/\/catalyseur-fap-maroc.com\/wp-content\/uploads\/2025\/11\/Filtre-a-particules-Mercedes-GLC-Klasse.jpg","datePublished":"2025-11-20T17:22:06+00:00","dateModified":"2025-11-20T17:43:11+00:00","description":"Filtre \u00e0 particules Mercedes GLC-Klasse","breadcrumb":{"@id":"https:\/\/catalyseur-fap-maroc.com\/produit\/filtre-a-particules-mercedes-glc-klasse\/#breadcrumb"},"inLanguage":"ary","potentialAction":[{"@type":"ReadAction","target":["https:\/\/catalyseur-fap-maroc.com\/produit\/filtre-a-particules-mercedes-glc-klasse\/"]}]},{"@type":"ImageObject","inLanguage":"ary","@id":"https:\/\/catalyseur-fap-maroc.com\/produit\/filtre-a-particules-mercedes-glc-klasse\/#primaryimage","url":"https:\/\/catalyseur-fap-maroc.com\/wp-content\/uploads\/2025\/11\/Filtre-a-particules-Mercedes-GLC-Klasse.jpg","contentUrl":"https:\/\/catalyseur-fap-maroc.com\/wp-content\/uploads\/2025\/11\/Filtre-a-particules-Mercedes-GLC-Klasse.jpg","width":700,"height":394},{"@type":"BreadcrumbList","@id":"https:\/\/catalyseur-fap-maroc.com\/produit\/filtre-a-particules-mercedes-glc-klasse\/#breadcrumb","itemListElement":[{"@type":"ListItem","position":1,"name":"Accueil","item":"https:\/\/catalyseur-fap-maroc.com\/"},{"@type":"ListItem","position":2,"name":"Boutique","item":"https:\/\/catalyseur-fap-maroc.com\/boutique\/"},{"@type":"ListItem","position":3,"name":"Filtre \u00e0 particules Mercedes GLC-Klasse"}]},{"@type":"WebSite","@id":"https:\/\/catalyseur-fap-maroc.com\/#website","url":"https:\/\/catalyseur-fap-maroc.com\/","name":"garages catalyseur","description":"","publisher":{"@id":"https:\/\/catalyseur-fap-maroc.com\/#organization"},"potentialAction":[{"@type":"SearchAction","target":{"@type":"EntryPoint","urlTemplate":"https:\/\/catalyseur-fap-maroc.com\/?s={search_term_string}"},"query-input":{"@type":"PropertyValueSpecification","valueRequired":true,"valueName":"search_term_string"}}],"inLanguage":"ary"},{"@type":"Organization","@id":"https:\/\/catalyseur-fap-maroc.com\/#organization","name":"garages catalyseur","url":"https:\/\/catalyseur-fap-maroc.com\/","logo":{"@type":"ImageObject","inLanguage":"ary","@id":"https:\/\/catalyseur-fap-maroc.com\/#\/schema\/logo\/image\/","url":"https:\/\/catalyseur-fap-maroc.com\/wp-content\/uploads\/2025\/11\/cropped-499881295_18311707288230175_7766502969859483890_n.jpg","contentUrl":"https:\/\/catalyseur-fap-maroc.com\/wp-content\/uploads\/2025\/11\/cropped-499881295_18311707288230175_7766502969859483890_n.jpg","width":112,"height":50,"caption":"garages catalyseur"},"image":{"@id":"https:\/\/catalyseur-fap-maroc.com\/#\/schema\/logo\/image\/"}}]}},"_links":{"self":[{"href":"https:\/\/catalyseur-fap-maroc.com\/ar\/wp-json\/wp\/v2\/product\/194","targetHints":{"allow":["GET"]}}],"collection":[{"href":"https:\/\/catalyseur-fap-maroc.com\/ar\/wp-json\/wp\/v2\/product"}],"about":[{"href":"https:\/\/catalyseur-fap-maroc.com\/ar\/wp-json\/wp\/v2\/types\/product"}],"wp:featuredmedia":[{"embeddable":true,"href":"https:\/\/catalyseur-fap-maroc.com\/ar\/wp-json\/wp\/v2\/media\/172"}],"wp:attachment":[{"href":"https:\/\/catalyseur-fap-maroc.com\/ar\/wp-json\/wp\/v2\/media?parent=194"}],"wp:term":[{"taxonomy":"product_brand","embeddable":true,"href":"https:\/\/catalyseur-fap-maroc.com\/ar\/wp-json\/wp\/v2\/product_brand?post=194"},{"taxonomy":"product_cat","embeddable":true,"href":"https:\/\/catalyseur-fap-maroc.com\/ar\/wp-json\/wp\/v2\/product_cat?post=194"},{"taxonomy":"product_tag","embeddable":true,"href":"https:\/\/catalyseur-fap-maroc.com\/ar\/wp-json\/wp\/v2\/product_tag?post=194"}],"curies":[{"name":"wp","href":"https:\/\/api.w.org\/{rel}","templated":true}]}}