{"id":153,"date":"2025-11-20T17:14:59","date_gmt":"2025-11-20T17:14:59","guid":{"rendered":"https:\/\/catalyseur-fap-maroc.com\/?post_type=product&#038;p=153"},"modified":"2025-11-20T17:43:57","modified_gmt":"2025-11-20T17:43:57","slug":"filtre-a-particules-toyota-yaris","status":"publish","type":"product","link":"https:\/\/catalyseur-fap-maroc.com\/ar\/product\/filtre-a-particules-toyota-yaris\/","title":{"rendered":"Filtre \u00e0 particules Toyota Yaris"},"content":{"rendered":"<p>FAP Toyota Yaris de qualit\u00e9 premium. Remplace votre filtre bouch\u00e9, r\u00e9duit la fum\u00e9e, restaure la puissance et optimise la consommation. Compatibilit\u00e9 garantie.<\/p>\n<p>\u2705 Restaure la puissance d\u2019origine<br data-start=\"1432\" data-end=\"1435\" \/>\u2705 R\u00e9duit la consommation de carburant<br data-start=\"1472\" data-end=\"1475\" \/>\u2705 Neutralise les fum\u00e9es et odeurs<br data-start=\"1508\" data-end=\"1511\" \/>\u2705 \u00c9vite le mode d\u00e9grad\u00e9 et les pannes moteur<br data-start=\"1555\" data-end=\"1558\" \/>\u2705 Am\u00e9liore la performance globale du syst\u00e8me d\u2019\u00e9chappement<\/p>","protected":false},"excerpt":{"rendered":"<p data-start=\"545\" data-end=\"719\">Le <strong data-start=\"548\" data-end=\"589\">Filtre \u00e0 Particules pour Toyota Yaris<\/strong> est con\u00e7u pour assurer une filtration optimale des particules fines et garantir la conformit\u00e9 environnementale de votre v\u00e9hicule.<\/p>\n<p data-start=\"721\" data-end=\"751\">\ud83d\udd25 <strong data-start=\"724\" data-end=\"749\">Id\u00e9al pour r\u00e9soudre :<\/strong><\/p>\n<ul data-start=\"752\" data-end=\"899\">\n<li data-start=\"752\" data-end=\"774\">\n<p data-start=\"754\" data-end=\"774\">Perte de puissance<\/p>\n<\/li>\n<li data-start=\"775\" data-end=\"798\">\n<p data-start=\"777\" data-end=\"798\">Voyant moteur \/ FAP<\/p>\n<\/li>\n<li data-start=\"799\" data-end=\"818\">\n<p data-start=\"801\" data-end=\"818\">Surconsommation<\/p>\n<\/li>\n<li data-start=\"819\" data-end=\"838\">\n<p data-start=\"821\" data-end=\"838\">Fum\u00e9e excessive<\/p>\n<\/li>\n<li data-start=\"839\" data-end=\"866\">\n<p data-start=\"841\" data-end=\"866\">Rejets polluants \u00e9lev\u00e9s<\/p>\n<\/li>\n<li data-start=\"867\" data-end=\"899\">\n<p data-start=\"869\" data-end=\"899\">FAP colmat\u00e9 ou en fin de vie<\/p>\n<\/li>\n<\/ul>\n<p data-start=\"901\" data-end=\"1108\">\u2714 Compatible avec plusieurs versions de Toyota Yaris (essence\/diesel selon mod\u00e8les).<br data-start=\"985\" data-end=\"988\" \/>\u2714 Fabrication haute qualit\u00e9 avec une dur\u00e9e de vie prolong\u00e9e.<br data-start=\"1048\" data-end=\"1051\" \/>\u2714 Installation simple et adapt\u00e9e aux normes constructeur.<\/p>","protected":false},"featured_media":179,"template":"","meta":{"site-sidebar-layout":"default","site-content-layout":"","ast-site-content-layout":"default","site-content-style":"default","site-sidebar-style":"default","ast-global-header-display":"","ast-banner-title-visibility":"","ast-main-header-display":"","ast-hfb-above-header-display":"","ast-hfb-below-header-display":"","ast-hfb-mobile-header-display":"","site-post-title":"","ast-breadcrumbs-content":"","ast-featured-img":"","footer-sml-layout":"","theme-transparent-header-meta":"default","adv-header-id-meta":"","stick-header-meta":"","header-above-stick-meta":"","header-main-stick-meta":"","header-below-stick-meta":"","astra-migrate-meta-layouts":"set","ast-page-background-enabled":"default","ast-page-background-meta":{"desktop":{"background-color":"var(--ast-global-color-5)","background-image":"","background-repeat":"repeat","background-position":"center center","background-size":"auto","background-attachment":"scroll","background-type":"","background-media":"","overlay-type":"","overlay-color":"","overlay-opacity":"","overlay-gradient":""},"tablet":{"background-color":"","background-image":"","background-repeat":"repeat","background-position":"center center","background-size":"auto","background-attachment":"scroll","background-type":"","background-media":"","overlay-type":"","overlay-color":"","overlay-opacity":"","overlay-gradient":""},"mobile":{"background-color":"","background-image":"","background-repeat":"repeat","background-position":"center center","background-size":"auto","background-attachment":"scroll","background-type":"","background-media":"","overlay-type":"","overlay-color":"","overlay-opacity":"","overlay-gradient":""}},"ast-content-background-meta":{"desktop":{"background-color":"var(--ast-global-color-4)","background-image":"","background-repeat":"repeat","background-position":"center center","background-size":"auto","background-attachment":"scroll","background-type":"","background-media":"","overlay-type":"","overlay-color":"","overlay-opacity":"","overlay-gradient":""},"tablet":{"background-color":"var(--ast-global-color-4)","background-image":"","background-repeat":"repeat","background-position":"center center","background-size":"auto","background-attachment":"scroll","background-type":"","background-media":"","overlay-type":"","overlay-color":"","overlay-opacity":"","overlay-gradient":""},"mobile":{"background-color":"var(--ast-global-color-4)","background-image":"","background-repeat":"repeat","background-position":"center center","background-size":"auto","background-attachment":"scroll","background-type":"","background-media":"","overlay-type":"","overlay-color":"","overlay-opacity":"","overlay-gradient":""}}},"product_brand":[],"product_cat":[27,28,26],"product_tag":[],"class_list":{"0":"post-153","1":"product","2":"type-product","3":"status-publish","4":"has-post-thumbnail","6":"product_cat-catalyseurs","7":"product_cat-filtres-fap-dpf","8":"product_cat-pieces-auto","9":"desktop-align-center","10":"tablet-align-left","11":"mobile-align-left","13":"first","14":"instock","15":"shipping-taxable","16":"product-type-simple"},"yoast_head":"<!-- This site is optimized with the Yoast SEO plugin v26.4 - https:\/\/yoast.com\/wordpress\/plugins\/seo\/ -->\n<title>Filtre \u00e0 particules Toyota Yaris - garages catalyseur<\/title>\n<meta name=\"description\" content=\"Filtre \u00e0 particules Toyota Yaris\" \/>\n<meta name=\"robots\" content=\"index, follow, max-snippet:-1, max-image-preview:large, max-video-preview:-1\" \/>\n<link rel=\"canonical\" href=\"https:\/\/catalyseur-fap-maroc.com\/ar\/product\/filtre-a-particules-toyota-yaris\/\" \/>\n<meta property=\"og:locale\" content=\"ar_AR\" \/>\n<meta property=\"og:type\" content=\"article\" \/>\n<meta property=\"og:title\" content=\"Filtre \u00e0 particules Toyota Yaris - garages catalyseur\" \/>\n<meta property=\"og:description\" content=\"Filtre \u00e0 particules Toyota Yaris\" \/>\n<meta property=\"og:url\" content=\"https:\/\/catalyseur-fap-maroc.com\/ar\/product\/filtre-a-particules-toyota-yaris\/\" \/>\n<meta property=\"og:site_name\" content=\"garages catalyseur\" \/>\n<meta property=\"article:modified_time\" content=\"2025-11-20T17:43:57+00:00\" \/>\n<meta property=\"og:image\" content=\"https:\/\/catalyseur-fap-maroc.com\/wp-content\/uploads\/2025\/11\/Filtre-a-particules-Toyota-Yaris.jpg\" \/>\n\t<meta property=\"og:image:width\" content=\"700\" \/>\n\t<meta property=\"og:image:height\" content=\"394\" \/>\n\t<meta property=\"og:image:type\" content=\"image\/jpeg\" \/>\n<meta name=\"twitter:card\" content=\"summary_large_image\" \/>\n<meta name=\"twitter:label1\" content=\"Est. reading time\" \/>\n\t<meta name=\"twitter:data1\" content=\"1 minute\" \/>\n<script type=\"application\/ld+json\" class=\"yoast-schema-graph\">{\"@context\":\"https:\/\/schema.org\",\"@graph\":[{\"@type\":\"WebPage\",\"@id\":\"https:\/\/catalyseur-fap-maroc.com\/produit\/filtre-a-particules-toyota-yaris\/\",\"url\":\"https:\/\/catalyseur-fap-maroc.com\/produit\/filtre-a-particules-toyota-yaris\/\",\"name\":\"Filtre \u00e0 particules Toyota Yaris - garages catalyseur\",\"isPartOf\":{\"@id\":\"https:\/\/catalyseur-fap-maroc.com\/#website\"},\"primaryImageOfPage\":{\"@id\":\"https:\/\/catalyseur-fap-maroc.com\/produit\/filtre-a-particules-toyota-yaris\/#primaryimage\"},\"image\":{\"@id\":\"https:\/\/catalyseur-fap-maroc.com\/produit\/filtre-a-particules-toyota-yaris\/#primaryimage\"},\"thumbnailUrl\":\"https:\/\/catalyseur-fap-maroc.com\/wp-content\/uploads\/2025\/11\/Filtre-a-particules-Toyota-Yaris.jpg\",\"datePublished\":\"2025-11-20T17:14:59+00:00\",\"dateModified\":\"2025-11-20T17:43:57+00:00\",\"description\":\"Filtre \u00e0 particules Toyota Yaris\",\"breadcrumb\":{\"@id\":\"https:\/\/catalyseur-fap-maroc.com\/produit\/filtre-a-particules-toyota-yaris\/#breadcrumb\"},\"inLanguage\":\"ary\",\"potentialAction\":[{\"@type\":\"ReadAction\",\"target\":[\"https:\/\/catalyseur-fap-maroc.com\/produit\/filtre-a-particules-toyota-yaris\/\"]}]},{\"@type\":\"ImageObject\",\"inLanguage\":\"ary\",\"@id\":\"https:\/\/catalyseur-fap-maroc.com\/produit\/filtre-a-particules-toyota-yaris\/#primaryimage\",\"url\":\"https:\/\/catalyseur-fap-maroc.com\/wp-content\/uploads\/2025\/11\/Filtre-a-particules-Toyota-Yaris.jpg\",\"contentUrl\":\"https:\/\/catalyseur-fap-maroc.com\/wp-content\/uploads\/2025\/11\/Filtre-a-particules-Toyota-Yaris.jpg\",\"width\":700,\"height\":394},{\"@type\":\"BreadcrumbList\",\"@id\":\"https:\/\/catalyseur-fap-maroc.com\/produit\/filtre-a-particules-toyota-yaris\/#breadcrumb\",\"itemListElement\":[{\"@type\":\"ListItem\",\"position\":1,\"name\":\"Accueil\",\"item\":\"https:\/\/catalyseur-fap-maroc.com\/\"},{\"@type\":\"ListItem\",\"position\":2,\"name\":\"Boutique\",\"item\":\"https:\/\/catalyseur-fap-maroc.com\/boutique\/\"},{\"@type\":\"ListItem\",\"position\":3,\"name\":\"Filtre \u00e0 particules Toyota Yaris\"}]},{\"@type\":\"WebSite\",\"@id\":\"https:\/\/catalyseur-fap-maroc.com\/#website\",\"url\":\"https:\/\/catalyseur-fap-maroc.com\/\",\"name\":\"garages catalyseur\",\"description\":\"\",\"publisher\":{\"@id\":\"https:\/\/catalyseur-fap-maroc.com\/#organization\"},\"potentialAction\":[{\"@type\":\"SearchAction\",\"target\":{\"@type\":\"EntryPoint\",\"urlTemplate\":\"https:\/\/catalyseur-fap-maroc.com\/?s={search_term_string}\"},\"query-input\":{\"@type\":\"PropertyValueSpecification\",\"valueRequired\":true,\"valueName\":\"search_term_string\"}}],\"inLanguage\":\"ary\"},{\"@type\":\"Organization\",\"@id\":\"https:\/\/catalyseur-fap-maroc.com\/#organization\",\"name\":\"garages catalyseur\",\"url\":\"https:\/\/catalyseur-fap-maroc.com\/\",\"logo\":{\"@type\":\"ImageObject\",\"inLanguage\":\"ary\",\"@id\":\"https:\/\/catalyseur-fap-maroc.com\/#\/schema\/logo\/image\/\",\"url\":\"https:\/\/catalyseur-fap-maroc.com\/wp-content\/uploads\/2025\/11\/cropped-499881295_18311707288230175_7766502969859483890_n.jpg\",\"contentUrl\":\"https:\/\/catalyseur-fap-maroc.com\/wp-content\/uploads\/2025\/11\/cropped-499881295_18311707288230175_7766502969859483890_n.jpg\",\"width\":112,\"height\":50,\"caption\":\"garages catalyseur\"},\"image\":{\"@id\":\"https:\/\/catalyseur-fap-maroc.com\/#\/schema\/logo\/image\/\"}}]}<\/script>\n<!-- \/ Yoast SEO plugin. -->","yoast_head_json":{"title":"Filtre \u00e0 particules Toyota Yaris - garages catalyseur","description":"Filtre \u00e0 particules Toyota Yaris","robots":{"index":"index","follow":"follow","max-snippet":"max-snippet:-1","max-image-preview":"max-image-preview:large","max-video-preview":"max-video-preview:-1"},"canonical":"https:\/\/catalyseur-fap-maroc.com\/ar\/product\/filtre-a-particules-toyota-yaris\/","og_locale":"ar_AR","og_type":"article","og_title":"Filtre \u00e0 particules Toyota Yaris - garages catalyseur","og_description":"Filtre \u00e0 particules Toyota Yaris","og_url":"https:\/\/catalyseur-fap-maroc.com\/ar\/product\/filtre-a-particules-toyota-yaris\/","og_site_name":"garages catalyseur","article_modified_time":"2025-11-20T17:43:57+00:00","og_image":[{"width":700,"height":394,"url":"https:\/\/catalyseur-fap-maroc.com\/wp-content\/uploads\/2025\/11\/Filtre-a-particules-Toyota-Yaris.jpg","type":"image\/jpeg"}],"twitter_card":"summary_large_image","twitter_misc":{"Est. reading time":"1 minute"},"schema":{"@context":"https:\/\/schema.org","@graph":[{"@type":"WebPage","@id":"https:\/\/catalyseur-fap-maroc.com\/produit\/filtre-a-particules-toyota-yaris\/","url":"https:\/\/catalyseur-fap-maroc.com\/produit\/filtre-a-particules-toyota-yaris\/","name":"Filtre \u00e0 particules Toyota Yaris - garages catalyseur","isPartOf":{"@id":"https:\/\/catalyseur-fap-maroc.com\/#website"},"primaryImageOfPage":{"@id":"https:\/\/catalyseur-fap-maroc.com\/produit\/filtre-a-particules-toyota-yaris\/#primaryimage"},"image":{"@id":"https:\/\/catalyseur-fap-maroc.com\/produit\/filtre-a-particules-toyota-yaris\/#primaryimage"},"thumbnailUrl":"https:\/\/catalyseur-fap-maroc.com\/wp-content\/uploads\/2025\/11\/Filtre-a-particules-Toyota-Yaris.jpg","datePublished":"2025-11-20T17:14:59+00:00","dateModified":"2025-11-20T17:43:57+00:00","description":"Filtre \u00e0 particules Toyota Yaris","breadcrumb":{"@id":"https:\/\/catalyseur-fap-maroc.com\/produit\/filtre-a-particules-toyota-yaris\/#breadcrumb"},"inLanguage":"ary","potentialAction":[{"@type":"ReadAction","target":["https:\/\/catalyseur-fap-maroc.com\/produit\/filtre-a-particules-toyota-yaris\/"]}]},{"@type":"ImageObject","inLanguage":"ary","@id":"https:\/\/catalyseur-fap-maroc.com\/produit\/filtre-a-particules-toyota-yaris\/#primaryimage","url":"https:\/\/catalyseur-fap-maroc.com\/wp-content\/uploads\/2025\/11\/Filtre-a-particules-Toyota-Yaris.jpg","contentUrl":"https:\/\/catalyseur-fap-maroc.com\/wp-content\/uploads\/2025\/11\/Filtre-a-particules-Toyota-Yaris.jpg","width":700,"height":394},{"@type":"BreadcrumbList","@id":"https:\/\/catalyseur-fap-maroc.com\/produit\/filtre-a-particules-toyota-yaris\/#breadcrumb","itemListElement":[{"@type":"ListItem","position":1,"name":"Accueil","item":"https:\/\/catalyseur-fap-maroc.com\/"},{"@type":"ListItem","position":2,"name":"Boutique","item":"https:\/\/catalyseur-fap-maroc.com\/boutique\/"},{"@type":"ListItem","position":3,"name":"Filtre \u00e0 particules Toyota Yaris"}]},{"@type":"WebSite","@id":"https:\/\/catalyseur-fap-maroc.com\/#website","url":"https:\/\/catalyseur-fap-maroc.com\/","name":"garages catalyseur","description":"","publisher":{"@id":"https:\/\/catalyseur-fap-maroc.com\/#organization"},"potentialAction":[{"@type":"SearchAction","target":{"@type":"EntryPoint","urlTemplate":"https:\/\/catalyseur-fap-maroc.com\/?s={search_term_string}"},"query-input":{"@type":"PropertyValueSpecification","valueRequired":true,"valueName":"search_term_string"}}],"inLanguage":"ary"},{"@type":"Organization","@id":"https:\/\/catalyseur-fap-maroc.com\/#organization","name":"garages catalyseur","url":"https:\/\/catalyseur-fap-maroc.com\/","logo":{"@type":"ImageObject","inLanguage":"ary","@id":"https:\/\/catalyseur-fap-maroc.com\/#\/schema\/logo\/image\/","url":"https:\/\/catalyseur-fap-maroc.com\/wp-content\/uploads\/2025\/11\/cropped-499881295_18311707288230175_7766502969859483890_n.jpg","contentUrl":"https:\/\/catalyseur-fap-maroc.com\/wp-content\/uploads\/2025\/11\/cropped-499881295_18311707288230175_7766502969859483890_n.jpg","width":112,"height":50,"caption":"garages catalyseur"},"image":{"@id":"https:\/\/catalyseur-fap-maroc.com\/#\/schema\/logo\/image\/"}}]}},"_links":{"self":[{"href":"https:\/\/catalyseur-fap-maroc.com\/ar\/wp-json\/wp\/v2\/product\/153","targetHints":{"allow":["GET"]}}],"collection":[{"href":"https:\/\/catalyseur-fap-maroc.com\/ar\/wp-json\/wp\/v2\/product"}],"about":[{"href":"https:\/\/catalyseur-fap-maroc.com\/ar\/wp-json\/wp\/v2\/types\/product"}],"wp:featuredmedia":[{"embeddable":true,"href":"https:\/\/catalyseur-fap-maroc.com\/ar\/wp-json\/wp\/v2\/media\/179"}],"wp:attachment":[{"href":"https:\/\/catalyseur-fap-maroc.com\/ar\/wp-json\/wp\/v2\/media?parent=153"}],"wp:term":[{"taxonomy":"product_brand","embeddable":true,"href":"https:\/\/catalyseur-fap-maroc.com\/ar\/wp-json\/wp\/v2\/product_brand?post=153"},{"taxonomy":"product_cat","embeddable":true,"href":"https:\/\/catalyseur-fap-maroc.com\/ar\/wp-json\/wp\/v2\/product_cat?post=153"},{"taxonomy":"product_tag","embeddable":true,"href":"https:\/\/catalyseur-fap-maroc.com\/ar\/wp-json\/wp\/v2\/product_tag?post=153"}],"curies":[{"name":"wp","href":"https:\/\/api.w.org\/{rel}","templated":true}]}}